{"id":27,"date":"2019-03-06T11:09:52","date_gmt":"2019-03-06T10:09:52","guid":{"rendered":"https:\/\/www.simona-salzburg.de\/?page_id=27"},"modified":"2022-02-04T15:17:13","modified_gmt":"2022-02-04T14:17:13","slug":"ueber-mich","status":"publish","type":"page","link":"https:\/\/www.simona-salzburg.de\/index.php\/ueber-mich\/","title":{"rendered":"\u00dcber mich"},"content":{"rendered":"<p>[et_pb_section fb_built=&#8220;1&#8243; _builder_version=&#8220;3.22&#8243; use_background_color_gradient=&#8220;on&#8220; background_color_gradient_start=&#8220;#ffffff&#8220; background_color_gradient_end=&#8220;#e4ecf3&#8243; background_color_gradient_start_position=&#8220;31%&#8220; background_color_gradient_end_position=&#8220;0%&#8220; custom_padding=&#8220;0|0px|0|0px|false|false&#8220; border_width_right=&#8220;30px&#8220; border_color_right=&#8220;#ffffff&#8220;][et_pb_row _builder_version=&#8220;3.25&#8243; custom_margin=&#8220;||0px&#8220; custom_padding=&#8220;||0px&#8220;][et_pb_column type=&#8220;4_4&#8243; _builder_version=&#8220;3.25&#8243; custom_padding=&#8220;|||&#8220; custom_padding__hover=&#8220;|||&#8220;][et_pb_text _builder_version=&#8220;3.27.4&#8243;]<\/p>\n<h1>\u00dcber mich<\/h1>\n<p>[\/et_pb_text][\/et_pb_column][\/et_pb_row][et_pb_row module_class=&#8220; et_pb_row_fullwidth&#8220; _builder_version=&#8220;3.25&#8243; width=&#8220;89%&#8220; width_tablet=&#8220;80%&#8220; width_last_edited=&#8220;on|desktop&#8220; max_width=&#8220;89%&#8220; max_width_tablet=&#8220;80%&#8220; max_width_last_edited=&#8220;on|desktop&#8220; custom_margin=&#8220;|||&#8220; custom_padding=&#8220;0|0px|25px|0px|false|false&#8220; make_fullwidth=&#8220;on&#8220; column_structure=&#8220;1_4,3_4&#8243;][et_pb_column type=&#8220;1_4&#8243; _builder_version=&#8220;3.25&#8243; custom_padding=&#8220;|||&#8220; custom_padding__hover=&#8220;|||&#8220;][\/et_pb_column][et_pb_column type=&#8220;3_4&#8243; _builder_version=&#8220;3.25&#8243; custom_padding=&#8220;|||&#8220; custom_padding__hover=&#8220;|||&#8220;][et_pb_image src=&#8220;https:\/\/www.simona-salzburg.de\/wp-content\/uploads\/2019\/03\/simona-salzburg-about-us-portrait-header.jpg&#8220; align=&#8220;right&#8220; align_tablet=&#8220;center&#8220; align_last_edited=&#8220;on|desktop&#8220; _builder_version=&#8220;3.23&#8243; custom_margin=&#8220;|||&#8220; border_width_all=&#8220;9px&#8220; border_color_all=&#8220;#ffffff&#8220;][\/et_pb_image][\/et_pb_column][\/et_pb_row][et_pb_row module_class=&#8220; et_pb_row_fullwidth&#8220; _builder_version=&#8220;3.25&#8243; width=&#8220;89%&#8220; width_tablet=&#8220;80%&#8220; width_last_edited=&#8220;on|desktop&#8220; max_width=&#8220;89%&#8220; max_width_tablet=&#8220;80%&#8220; max_width_last_edited=&#8220;on|desktop&#8220; custom_padding=&#8220;21px|0px|0|0px|false|false&#8220; make_fullwidth=&#8220;on&#8220; column_structure=&#8220;3_5,2_5&#8243;][et_pb_column type=&#8220;3_5&#8243; _builder_version=&#8220;3.25&#8243; custom_padding=&#8220;|||&#8220; custom_padding__hover=&#8220;|||&#8220;][et_pb_text _builder_version=&#8220;3.27.4&#8243; text_font=&#8220;||||||||&#8220; text_text_color=&#8220;#000000&#8243; header_font=&#8220;||||||||&#8220; header_text_color=&#8220;#0063a2&#8243; header_font_size=&#8220;3vw&#8220; background_color=&#8220;#ffffff&#8220; custom_margin=&#8220;-43vw|164px|48px|&#8220; custom_margin_tablet=&#8220;-16vw|||&#8220; custom_margin_phone=&#8220;-16vw|0px||&#8220; custom_margin_last_edited=&#8220;on|desktop&#8220; custom_padding=&#8220;40px|40px|40px|40px&#8220; animation_direction=&#8220;left&#8220; header_font_size_tablet=&#8220;5vw&#8220; header_font_size_phone=&#8220;6vw&#8220; header_font_size_last_edited=&#8220;on|phone&#8220;]<\/p>\n<h2>Berufs- und Lebenserfahrung\u00a0<\/h2>\n<p><em>Wirtschaftspsychologin (MA)<br \/><\/em><em>Selbst\u00e4ndige Beraterin f\u00fcr Kommunikation, Marketing, Vertrieb<\/em>\u00a0<\/p>\n<p>Seit \u00fcber 20 Jahren begleite ich Unternehmen bei ihren Vertriebs- und Marketing-Aktivit\u00e4ten. Diese Erfahrungen, mein Studium der Wirtschaftspsychologie, der permanente Kontakt zu verschiedenen Menschen und meine T\u00e4tigkeit als Dozentin begr\u00fcnden die F\u00e4higkeiten, die ich heute habe. Weiterhin ist das Lernen ein Thema f\u00fcr mich, das\u00a0nie endet.<\/p>\n<p>&nbsp;<\/p>\n<p>[\/et_pb_text][\/et_pb_column][et_pb_column type=&#8220;2_5&#8243; _builder_version=&#8220;3.25&#8243; custom_padding=&#8220;|||&#8220; custom_padding__hover=&#8220;|||&#8220;][\/et_pb_column][\/et_pb_row][\/et_pb_section][et_pb_section fb_built=&#8220;1&#8243; _builder_version=&#8220;3.22&#8243; custom_padding=&#8220;0|0px|0|0px|false|false&#8220;][\/et_pb_section][et_pb_section fb_built=&#8220;1&#8243; _builder_version=&#8220;3.22&#8243; background_image=&#8220;https:\/\/www.simona-salzburg.de\/wp-content\/uploads\/2019\/03\/simona-salzburg-spitze.svg&#8220; background_size=&#8220;contain&#8220; background_position=&#8220;bottom_left&#8220; custom_margin=&#8220;||&#8220; custom_padding=&#8220;0|0px|54px|0px|false|false&#8220;][et_pb_row _builder_version=&#8220;3.25&#8243; custom_margin=&#8220;||&#8220; custom_margin_tablet=&#8220;&#8220; custom_margin_phone=&#8220;||&#8220; custom_margin_last_edited=&#8220;on|phone&#8220; animation_direction=&#8220;bottom&#8220; column_structure=&#8220;1_2,1_2&#8243;][et_pb_column type=&#8220;1_2&#8243; _builder_version=&#8220;3.25&#8243; background_color=&#8220;#ffffff&#8220; custom_padding=&#8220;|||&#8220; custom_css_main_element=&#8220;-webkit-box-shadow: 0px -16px 29px -4px rgba(0,0,0,0.18);||-moz-box-shadow: 0px -16px 29px -4px rgba(0,0,0,0.18);||box-shadow: 0px -16px 29px -4px rgba(0,0,0,0.18);||&#8220; custom_padding__hover=&#8220;|||&#8220;][et_pb_text _builder_version=&#8220;3.27.4&#8243; text_font=&#8220;||||||||&#8220; background_color=&#8220;#0063a2&#8243; background_layout=&#8220;dark&#8220; custom_margin=&#8220;20px|20px|20px|20px&#8220; custom_padding=&#8220;10px|10px|5px|10px&#8220;]<\/p>\n<h2>Beruflicher Werdegang<\/h2>\n<p>[\/et_pb_text][et_pb_text _builder_version=&#8220;3.27.4&#8243; header_font=&#8220;||||||||&#8220; header_3_font=&#8220;||||||||&#8220; header_3_font_size=&#8220;20px&#8220; custom_margin=&#8220;0px|20px|20px|20px&#8220;]<\/p>\n<ul>\n<li>1980 \u2013 1982 Ausbildung zur Hotelfachfrau<\/li>\n<li>1982 \u2013 1989 Empfangssekret\u00e4rin in verschiedenen Hotels in Rostock und Berlin<\/li>\n<li>1989 \u2013 1991 Hotelfachschule, Abschluss als graduierte Betriebswirtin<\/li>\n<li>1991 \u2013 1999 Sachbearbeiterin, Gruppenleiterin, Trainerin bei Albingia Versicherungs AG, ab 1999 \u00dcbergang in AXA Versicherungs AG<\/li>\n<li>1999 \u2013 2004 Selbst\u00e4ndige Versicherungsmaklerin<\/li>\n<li>2001 bis 2004 Autorin von Fachtexten bei deutsche-versicherungsboerse.de<\/li>\n<li>seit 2001 Selbst\u00e4ndige Beraterin f\u00fcr Kommunikation, Marketing, Vertrieb, u.a. seit 2001 Vertriebsmanagement bei VersicherungsJournal Verlag GmbH<\/li>\n<li>seit 2015 Freiberufliche Dozentin an der FOM, Hochschule f\u00fcr \u00d6konomie und Management<\/li>\n<\/ul>\n<p>[\/et_pb_text][\/et_pb_column][et_pb_column type=&#8220;1_2&#8243; _builder_version=&#8220;3.25&#8243; background_color=&#8220;#ffffff&#8220; custom_padding=&#8220;|||&#8220; custom_padding_phone=&#8220;||&#8220; custom_padding_last_edited=&#8220;on|desktop&#8220; custom_css_main_element=&#8220;-webkit-box-shadow: 0px -16px 29px -4px rgba(0,0,0,0.18);||-moz-box-shadow: 0px -16px 29px -4px rgba(0,0,0,0.18);||box-shadow: 0px -16px 29px -4px rgba(0,0,0,0.18);||&#8220; custom_padding__hover=&#8220;|||&#8220;][et_pb_text _builder_version=&#8220;3.27.4&#8243; text_font=&#8220;||||||||&#8220; background_color=&#8220;#0063a2&#8243; background_layout=&#8220;dark&#8220; custom_margin=&#8220;20px|20px|20px|20px&#8220; custom_padding=&#8220;10px|10px|5px|10px&#8220;]<\/p>\n<h2>Weiterbildungen<\/h2>\n<p>[\/et_pb_text][et_pb_text _builder_version=&#8220;3.27.4&#8243; header_font=&#8220;||||||||&#8220; header_3_font=&#8220;||||||||&#8220; header_3_font_size=&#8220;20px&#8220; custom_margin=&#8220;0px|20px|20px|20px&#8220;]<\/p>\n<ul>\n<li>2011 bis 2013 Nebenberufliches Studium zum Bachelor of Arts in Business Administration an der GoBS Berlin<\/li>\n<li>2013 Weiterbildung Dozententraining an der Going Public Akademie<\/li>\n<li>2013 bis 2015 Nebenberufliches Studium zum <a href=\"https:\/\/www.go-bs.de\/presse-storage\/2016\/gobs-und-fom-open-business-school-berlin-verabschieden-absolventinnen-und-absolventen.html\" target=\"_blank\" rel=\"noopener noreferrer\">Master of Arts in Wirtschaftspsychologie<\/a> an der GoBS Berlin<\/li>\n<li>2015 Weiterbildung in Mediation und Verhandlungsf\u00fchrung an der GoBS Berlin<\/li>\n<\/ul>\n<p>[\/et_pb_text][\/et_pb_column][\/et_pb_row][\/et_pb_section]<\/p>\n","protected":false},"excerpt":{"rendered":"<p>[et_pb_section fb_built=&#8220;1&#8243; _builder_version=&#8220;3.22&#8243; use_background_color_gradient=&#8220;on&#8220; background_color_gradient_start=&#8220;#ffffff&#8220; background_color_gradient_end=&#8220;#e4ecf3&#8243; background_color_gradient_start_position=&#8220;31%&#8220; background_color_gradient_end_position=&#8220;0%&#8220; custom_padding=&#8220;0|0px|0|0px|false|false&#8220; border_width_right=&#8220;30px&#8220; border_color_right=&#8220;#ffffff&#8220;][et_pb_row _builder_version=&#8220;3.25&#8243; custom_margin=&#8220;||0px&#8220; custom_padding=&#8220;||0px&#8220;][et_pb_column type=&#8220;4_4&#8243; _builder_version=&#8220;3.25&#8243; custom_padding=&#8220;|||&#8220; custom_padding__hover=&#8220;|||&#8220;][et_pb_text _builder_version=&#8220;3.27.4&#8243;] \u00dcber mich [\/et_pb_text][\/et_pb_column][\/et_pb_row][et_pb_row module_class=&#8220; et_pb_row_fullwidth&#8220; _builder_version=&#8220;3.25&#8243; width=&#8220;89%&#8220; width_tablet=&#8220;80%&#8220; width_last_edited=&#8220;on|desktop&#8220; max_width=&#8220;89%&#8220; max_width_tablet=&#8220;80%&#8220; max_width_last_edited=&#8220;on|desktop&#8220; custom_margin=&#8220;|||&#8220; custom_padding=&#8220;0|0px|25px|0px|false|false&#8220; make_fullwidth=&#8220;on&#8220; column_structure=&#8220;1_4,3_4&#8243;][et_pb_column type=&#8220;1_4&#8243; _builder_version=&#8220;3.25&#8243; custom_padding=&#8220;|||&#8220; custom_padding__hover=&#8220;|||&#8220;][\/et_pb_column][et_pb_column type=&#8220;3_4&#8243; _builder_version=&#8220;3.25&#8243; custom_padding=&#8220;|||&#8220; custom_padding__hover=&#8220;|||&#8220;][et_pb_image src=&#8220;https:\/\/www.simona-salzburg.de\/wp-content\/uploads\/2019\/03\/simona-salzburg-about-us-portrait-header.jpg&#8220; align=&#8220;right&#8220; align_tablet=&#8220;center&#8220; align_last_edited=&#8220;on|desktop&#8220; _builder_version=&#8220;3.23&#8243; custom_margin=&#8220;|||&#8220; border_width_all=&#8220;9px&#8220; border_color_all=&#8220;#ffffff&#8220;][\/et_pb_image][\/et_pb_column][\/et_pb_row][et_pb_row module_class=&#8220; et_pb_row_fullwidth&#8220; _builder_version=&#8220;3.25&#8243; width=&#8220;89%&#8220; [&hellip;]<\/p>\n","protected":false},"author":1,"featured_media":0,"parent":0,"menu_order":0,"comment_status":"closed","ping_status":"closed","template":"","meta":{"_et_pb_use_builder":"on","_et_pb_old_content":"","_et_gb_content_width":"","inline_featured_image":false,"footnotes":""},"class_list":["post-27","page","type-page","status-publish","hentry"],"_links":{"self":[{"href":"https:\/\/www.simona-salzburg.de\/index.php\/wp-json\/wp\/v2\/pages\/27","targetHints":{"allow":["GET"]}}],"collection":[{"href":"https:\/\/www.simona-salzburg.de\/index.php\/wp-json\/wp\/v2\/pages"}],"about":[{"href":"https:\/\/www.simona-salzburg.de\/index.php\/wp-json\/wp\/v2\/types\/page"}],"author":[{"embeddable":true,"href":"https:\/\/www.simona-salzburg.de\/index.php\/wp-json\/wp\/v2\/users\/1"}],"replies":[{"embeddable":true,"href":"https:\/\/www.simona-salzburg.de\/index.php\/wp-json\/wp\/v2\/comments?post=27"}],"version-history":[{"count":21,"href":"https:\/\/www.simona-salzburg.de\/index.php\/wp-json\/wp\/v2\/pages\/27\/revisions"}],"predecessor-version":[{"id":666,"href":"https:\/\/www.simona-salzburg.de\/index.php\/wp-json\/wp\/v2\/pages\/27\/revisions\/666"}],"wp:attachment":[{"href":"https:\/\/www.simona-salzburg.de\/index.php\/wp-json\/wp\/v2\/media?parent=27"}],"curies":[{"name":"wp","href":"https:\/\/api.w.org\/{rel}","templated":true}]}}